{"id":1529,"date":"2017-06-02T04:59:16","date_gmt":"2017-06-02T04:59:16","guid":{"rendered":"http:\/\/demo.archiwp.com\/fullscreen-version\/?page_id=616"},"modified":"2018-01-08T21:07:22","modified_gmt":"2018-01-08T21:07:22","slug":"about-us","status":"publish","type":"page","link":"https:\/\/mastervisual.com.br\/?page_id=1529","title":{"rendered":"Sobre N\u00f3s"},"content":{"rendered":"<p>[vc_row fullwidth=&#8221;yes&#8221; css=&#8221;.vc_custom_1474447060420{background-position: 0 0 !important;background-repeat: no-repeat !important;}&#8221; el_class=&#8221;side-bg no-padding&#8221;][vc_column]\t<div class=\"side-bg\">\n\t\t<div class=\"image-container pull-left col-md-5\" style=\"background-image:url(https:\/\/mastervisual.com.br\/wp-content\/uploads\/2017\/06\/sobre_nos1.png); ?>\" data-delay=\"0\"><\/div>\n\n        <div class=\"container\">\n            <div class=\"row\">\n                <div class=\"inner-padding\">\n                    <div class=\"col-md-6 col-md-offset-6 wow fadeInRight\" data-wow-delay=\".2s\">\n                        <h2>Conhe\u00e7a mais+<\/h2><br\/>\n                        <\/p>\n<h2 class=\"titleh2\">SOU MASTER<\/h2>\n<p>A\u00a0<b>MASTER &#8211; COMUNICA\u00c7\u00c3O VISUAL<\/b>\u00a0presta um servi\u00e7o diferenciado, priorizando a satisfa\u00e7\u00e3o do cliente e ajudando a alcan\u00e7ar os melhores resultados em sua comunica\u00e7\u00e3o.<\/p>\n<p>Nossas especialidades s\u00e3o vastas em uma gama completa de servi\u00e7os, tais como: Impress\u00e3o digital com tinta eco solvente, corte em plotter, desenvolvimento de fachadas, adesivos, banners, faixas, letras caixa com acabamentos feitos \u00e0 m\u00e3o, luminosos, pain\u00e9is, displays, personaliza\u00e7\u00e3o de frota, personaliza\u00e7\u00e3o de ambientes, entre outros, proporcionando o diferencial em servi\u00e7os com a qualidade\u00a0<b>MASTER<\/b>\u00a0que voc\u00ea precisa.<\/p>\n<p>Sendo tudo planejado e executado por profissionais de qualidade e especializados na \u00e1rea.<\/p>\n<p>Fundada em 2009 a Master Comunica\u00e7\u00e3o Visual, nasceu com o prop\u00f3sito de atuar no segmento, contribuindo para que seus clientes pudessem ter uma comunica\u00e7\u00e3o eficaz junto ao seu p\u00fablico alvo.<\/p>\n<p>&nbsp;<\/p>\n<h4>MISS\u00c3O<\/h4>\n<p>Desenvolver, fabricar e instalar comunica\u00e7\u00e3o visual com qualidade, entendendo e atendendo as necessidades individuais de cada cliente, gerando lucro necess\u00e1rio para o crescimento continuo da empresa e colaboradores.<\/p>\n<h4>VIS\u00c3O<\/h4>\n<p>Ser refer\u00eancia no setor que atuamos, sempre observando as necessidades do mercado para o desenvolvimento de novos produtos e neg\u00f3cios.<\/p>\n<h4>VALORES<\/h4>\n<p>&#8211; Ser a prefer\u00eancia dos clientes, garantindo transpar\u00eancia, comprometimento e garantia dos servi\u00e7os prestados.<\/p>\n<p>&#8211; Ter a admira\u00e7\u00e3o dos funcion\u00e1rios proporcionando satisfa\u00e7\u00e3o no trabalho que realizam e no crescimento profissional.<\/p>\n<p>&#8211; Construir uma \u00f3tima rela\u00e7\u00e3o com fornecedores.<\/p>\n<p>&#8211; Agir com \u00c9tica , honestidade e compromisso com clientes, funcion\u00e1rios, fornecedores, sociedade e com o meio ambiente.                    <\/div>\n                    <div class=\"clearfix\"><\/div>\n                <\/div>\n            <\/div>\n        <\/div>\n\t<\/div>\n\n[\/vc_column][\/vc_row][vc_row css=&#8221;.vc_custom_1440408697407{padding-top: 90px !important;padding-bottom: 90px !important;background-color: #111111 !important;}&#8221;][vc_column animate=&#8221;fadeinup&#8221; el_class=&#8221;container-4 &#8220;]\n    <!-- team member -->\n    <div class=\"de-team-list team-box wow fadeInUp\">\n    \t\t        <div class=\"team-pic\">\n\t        \t<img decoding=\"async\" src=\"https:\/\/mastervisual.com.br\/wp-content\/uploads\/2017\/06\/ceo_.png\" class=\"img-responsive\" alt=\"\" \/>            \n\t        <\/div>\n                <div class=\"team-desc\">\n            <h3>U\u00e1tila<\/h3>\n            <p class=\"lead\">Diretor Comercial<\/p>            <div class=\"small-border\"><\/div>\n            <p>Diretor Comercial\u00a0Matriz (Interior)<\/p>\n<p>Fixo (19)3672-2918<\/p>\n<p>Celular\/Whatsapp (19)9.9156-2956<\/p>            <div class=\"social\">\n                                                                            <\/div>\n        <\/div>\n    <\/div>\n    <!-- team close -->\n\n\n    <!-- team member -->\n    <div class=\"de-team-list team-box wow fadeInUp\">\n    \t\t        <div class=\"team-pic\">\n\t        \t<img decoding=\"async\" src=\"https:\/\/mastervisual.com.br\/wp-content\/uploads\/2017\/06\/sales.png\" class=\"img-responsive\" alt=\"\" \/>            \n\t        <\/div>\n                <div class=\"team-desc\">\n            <h3>Marcelo Zimbaro<\/h3>\n            <p class=\"lead\">Comercial Matriz - Interior<\/p>            <div class=\"small-border\"><\/div>\n            <p>Comercial\u00a0Matriz (Interior)<\/p>\n<p>Fixo (19)3672-2918<\/p>\n<p>Celular\/Whatsapp (19)9.8115-0197<\/p>            <div class=\"social\">\n                                                                            <\/div>\n        <\/div>\n    <\/div>\n    <!-- team close -->\n\n\n    <!-- team member -->\n    <div class=\"de-team-list team-box wow fadeInUp\">\n    \t\t        <div class=\"team-pic\">\n\t        \t<img decoding=\"async\" src=\"https:\/\/mastervisual.com.br\/wp-content\/uploads\/2017\/06\/sales.png\" class=\"img-responsive\" alt=\"\" \/>            \n\t        <\/div>\n                <div class=\"team-desc\">\n            <h3>Rafael Azevedo<\/h3>\n            <p class=\"lead\">Comercial - Capital Filial<\/p>            <div class=\"small-border\"><\/div>\n            <p>Comercial\u00a0Filial (Capital)<\/p>\n<p>Fixo (11)3159-4230<\/p>\n<p>Celular\/Whatsapp (11)9.4709-3732<\/p>            <div class=\"social\">\n                                                                            <\/div>\n        <\/div>\n    <\/div>\n    <!-- team close -->\n\n\n    <!-- team member -->\n    <div class=\"de-team-list team-box wow fadeInUp\">\n    \t\t        <div class=\"team-pic\">\n\t        \t<img decoding=\"async\" src=\"https:\/\/mastervisual.com.br\/wp-content\/uploads\/2017\/06\/design-1.png\" class=\"img-responsive\" alt=\"\" \/>            \n\t        <\/div>\n                <div class=\"team-desc\">\n            <h3>Equipe<\/h3>\n            <p class=\"lead\">Designer<\/p>            <div class=\"small-border\"><\/div>\n            <p>Eduardo, Paula, Mateus, Pablo<\/p>            <div class=\"social\">\n                                                                            <\/div>\n        <\/div>\n    <\/div>\n    <!-- team close -->\n\n[\/vc_column][\/vc_row][vc_row img_halfrow=&#8221;yes&#8221; halfrow_image=&#8221;613&#8243; css=&#8221;.vc_custom_1508616638811{padding-top: 90px !important;padding-bottom: 90px !important;background-image: url(http:\/\/mastervisual.com.br\/wp-content\/uploads\/2017\/06\/bg-3.jpg?id=618) !important;background-position: center !important;background-repeat: no-repeat !important;background-size: cover !important;}&#8221; el_class=&#8221;bg-fixed&#8221;][vc_column animate=&#8221;fadeinup&#8221;]\t\n\t<h1 style=\"text-align: center;color: #ffffff;\" > O que nossos clientes dizem<\/h1>\t\n\t<div class=\"separator\"><span><i class=\"fa fa-circle\"><\/i><\/span><\/div>\n\t<div class=\"spacer-single\"><\/div>\t      \n[\/vc_column][vc_column]\t\t\n\t<div id=\"testimonial-carousel-69e26708aa7e5\" class=\"de_carousel  wow fadeInUp\" data-wow-delay=\".3s\">\n\t        <div class=\"col-md-6 item\">\n            <div class=\"de_testi\">\n                <blockquote>\n                    <p>Desde o in\u00edcio das opera\u00e7\u00f5es da AMP, sempre fizemos nossos servi\u00e7os com a Master, pois nunca faltou profissionalismo e compromisso com as datas.<\/p>\n                    <div class=\"de_testi_by\">\n                        AMP, Propriet\u00e1rio                    <\/div>\n                <\/blockquote>\n\n            <\/div>\n        <\/div>\n            <\/div>\n    <script type=\"text\/javascript\">\n    \tjQuery(document).ready(function() {\t\t\n\t\t\t'use strict';\n\t\t\tjQuery(\"#testimonial-carousel-69e26708aa7e5\").owlCarousel({\n\t\t\t    items : 2,\n\t\t\t\titemsDesktop : [1199,2],\n\t\t\t\titemsDesktopSmall : [980,2],\n\t\t\t    itemsTablet: [768,1],\n\t\t\t    itemsTabletSmall: false,\n\t\t\t    itemsMobile : [479,1],\n\t\t\t    navigation : false,\n\t\t\t\tautoHeight : true,\n\t\t\t\tautoPlay : false,\n\t\t\t\tslideSpeed : 200,\n\t\t        paginationSpeed : 800,\n\t\t        rewindSpeed : 1000,\n\t\t   \t\tnavigationText : ['<i class=\"fa fa-angle-left\"><\/i>', '<i class=\"fa fa-angle-right\"><\/i>'],\n\t\t    });\n\t\t});\n    <\/script>\n[\/vc_column][\/vc_row][vc_row fullwidth=&#8221;yes&#8221; css=&#8221;.vc_custom_1442204650520{padding-top: 60px !important;padding-bottom: 60px !important;}&#8221; el_class=&#8221;call-to-action bg-color text-center&#8221;][vc_column]\t\t\t\n\n\t\t\t<a href=\"http:\/\/mastervisual.com.br\/?page_id=256%20\" class=\"btn btn-line-black btn-big \">Fale com a gente<\/a>\n\t    \n[\/vc_column][\/vc_row][vc_row][vc_column][vc_separator color=&#8221;black&#8221;][\/vc_column][\/vc_row]<\/p>\n","protected":false},"excerpt":{"rendered":"<p>[vc_row fullwidth=&#8221;yes&#8221; css=&#8221;.vc_custom_1474447060420{background-position: 0 0 !important;background-repeat: no-repeat !important;}&#8221; el_class=&#8221;side-bg no-padding&#8221;][vc_column][\/vc_column][\/vc_row][vc_row css=&#8221;.vc_custom_1440408697407{padding-top: 90px !important;padding-bottom: 90px !important;background-color: #111111 !important;}&#8221;][vc_column animate=&#8221;fadeinup&#8221; el_class=&#8221;container-4 &#8220;][\/vc_column][\/vc_row][vc_row img_halfrow=&#8221;yes&#8221; halfrow_image=&#8221;613&#8243; css=&#8221;.vc_custom_1508616638811{padding-top: 90px !important;padding-bottom: 90px !important;background-image: url(http:\/\/mastervisual.com.br\/wp-content\/uploads\/2017\/06\/bg-3.jpg?id=618) !important;background-position: center !important;background-repeat: no-repeat !important;background-size: cover !important;}&#8221; el_class=&#8221;bg-fixed&#8221;][vc_column animate=&#8221;fadeinup&#8221;][\/vc_column][vc_column][\/vc_column][\/vc_row][vc_row fullwidth=&#8221;yes&#8221; css=&#8221;.vc_custom_1442204650520{padding-top: 60px !important;padding-bottom: 60px !important;}&#8221; el_class=&#8221;call-to-action bg-color text-center&#8221;][vc_column][\/vc_column][\/vc_row][vc_row][vc_column][vc_separator color=&#8221;black&#8221;][\/vc_column][\/vc_row]<\/p>\n","protected":false},"author":1,"featured_media":0,"parent":0,"menu_order":0,"comment_status":"closed","ping_status":"closed","template":"page-templates\/template-fullwidth.php","meta":{"footnotes":""},"_links":{"self":[{"href":"https:\/\/mastervisual.com.br\/index.php?rest_route=\/wp\/v2\/pages\/1529"}],"collection":[{"href":"https:\/\/mastervisual.com.br\/index.php?rest_route=\/wp\/v2\/pages"}],"about":[{"href":"https:\/\/mastervisual.com.br\/index.php?rest_route=\/wp\/v2\/types\/page"}],"author":[{"embeddable":true,"href":"https:\/\/mastervisual.com.br\/index.php?rest_route=\/wp\/v2\/users\/1"}],"replies":[{"embeddable":true,"href":"https:\/\/mastervisual.com.br\/index.php?rest_route=%2Fwp%2Fv2%2Fcomments&post=1529"}],"version-history":[{"count":24,"href":"https:\/\/mastervisual.com.br\/index.php?rest_route=\/wp\/v2\/pages\/1529\/revisions"}],"predecessor-version":[{"id":2145,"href":"https:\/\/mastervisual.com.br\/index.php?rest_route=\/wp\/v2\/pages\/1529\/revisions\/2145"}],"wp:attachment":[{"href":"https:\/\/mastervisual.com.br\/index.php?rest_route=%2Fwp%2Fv2%2Fmedia&parent=1529"}],"curies":[{"name":"wp","href":"https:\/\/api.w.org\/{rel}","templated":true}]}}