{"id":629,"date":"2017-06-02T06:49:20","date_gmt":"2017-06-02T06:49:20","guid":{"rendered":"http:\/\/demo.archiwp.com\/fullscreen-version\/?page_id=629"},"modified":"2017-12-09T13:35:42","modified_gmt":"2017-12-09T13:35:42","slug":"projects-3","status":"publish","type":"page","link":"https:\/\/mastervisual.com.br\/?page_id=629","title":{"rendered":"GALERIA"},"content":{"rendered":"<p>[vc_row fullwidth=&#8221;yes&#8221;][vc_column]  \n\n\t\t\t<div class=\"container\">\n\t    \t<!-- portfolio filter begin -->\n\t\t    <div class=\"row\">\n\t\t        <div class=\"col-md-12 text-center\">\n\t\t            <ul id=\"filters\" class=\"wow fadeInUp listed_taxonomy_filters\" data-wow-delay=\"0s\">\n\t\t            \t<li><a href=\"#\" data-filter=\"*\" class=\"selected\">TODOS<\/a><\/li>                    \n\t\t                <li class=\"cate_parent\"><a href=\"#\" data-filter=\".acm\">ACM<\/a><\/li><li class=\"cate_parent\"><a href=\"#\" data-filter=\".adesivos\">Adesivos<\/a><\/li><li class=\"cate_parent\"><a href=\"#\" data-filter=\".letra\">Letra Caixa<\/a><\/li><li class=\"cate_parent\"><a href=\"#\" data-filter=\".paineis\">Pain\u00e9is<\/a><\/li><li class=\"cate_parent\"><a href=\"#\" data-filter=\".placas\">Placas<\/a><\/li><li class=\"cate_parent\"><a href=\"#\" data-filter=\".projetos\">Projetos<\/a><\/li><li class=\"cate_parent\"><a href=\"#\" data-filter=\".veiculos\">Ve\u00edculos<\/a><\/li>                    \n\t\t            <\/ul>\n\t\t        <\/div>\n\t\t    <\/div>\n\t    \t<!-- portfolio filter close -->\n\t    <\/div>\n    \n    <div id=\"gallery\" class=\" gallery full-gallery de-gallery pf_full_width  wow fadeInUp\" data-wow-delay=\".3s\" style=\"margin:0px 0px\" >\n                     \n        <!-- gallery item -->\n        <div class=\"item veiculos \">\n            <div class=\"picframe\" style=\"margin:0px\">\n                <a class=\"simple-ajax-popup-align-top\" href=\"https:\/\/mastervisual.com.br\/?portfolio=veiculos\">\n                    <span class=\"overlay\">\n                        <span class=\"pf_text\">\n                            <span class=\"project-name\">Ve\u00edculos<\/span>\n                        <\/span>\n                    <\/span>\n                <\/a>\n\t\t\t\t\t                <img loading=\"lazy\" decoding=\"async\" width=\"700\" height=\"466\" src=\"https:\/\/mastervisual.com.br\/wp-content\/uploads\/2017\/10\/14718646_785229561616541_2956371762273789962_n-700x466.jpg\" class=\"attachment-thumb-portfolio size-thumb-portfolio wp-post-image\" alt=\"\" \/>\t\t\t\t            <\/div>\n        <\/div>\n        <!-- close gallery item -->\n                    \n        <!-- gallery item -->\n        <div class=\"item adesivos \">\n            <div class=\"picframe\" style=\"margin:0px\">\n                <a class=\"simple-ajax-popup-align-top\" href=\"https:\/\/mastervisual.com.br\/?portfolio=adesivos\">\n                    <span class=\"overlay\">\n                        <span class=\"pf_text\">\n                            <span class=\"project-name\">Adesivos<\/span>\n                        <\/span>\n                    <\/span>\n                <\/a>\n\t\t\t\t\t                <img loading=\"lazy\" decoding=\"async\" width=\"700\" height=\"466\" src=\"https:\/\/mastervisual.com.br\/wp-content\/uploads\/2017\/10\/IMG_4296-700x466.jpg\" class=\"attachment-thumb-portfolio size-thumb-portfolio wp-post-image\" alt=\"\" \/>\t\t\t\t            <\/div>\n        <\/div>\n        <!-- close gallery item -->\n                    \n        <!-- gallery item -->\n        <div class=\"item placas \">\n            <div class=\"picframe\" style=\"margin:0px\">\n                <a class=\"simple-ajax-popup-align-top\" href=\"https:\/\/mastervisual.com.br\/?portfolio=placas\">\n                    <span class=\"overlay\">\n                        <span class=\"pf_text\">\n                            <span class=\"project-name\">Placas<\/span>\n                        <\/span>\n                    <\/span>\n                <\/a>\n\t\t\t\t\t                <img loading=\"lazy\" decoding=\"async\" width=\"700\" height=\"466\" src=\"https:\/\/mastervisual.com.br\/wp-content\/uploads\/2017\/10\/IMG_6387-700x466.jpg\" class=\"attachment-thumb-portfolio size-thumb-portfolio wp-post-image\" alt=\"\" \/>\t\t\t\t            <\/div>\n        <\/div>\n        <!-- close gallery item -->\n                    \n        <!-- gallery item -->\n        <div class=\"item paineis \">\n            <div class=\"picframe\" style=\"margin:0px\">\n                <a class=\"simple-ajax-popup-align-top\" href=\"https:\/\/mastervisual.com.br\/?portfolio=paineis\">\n                    <span class=\"overlay\">\n                        <span class=\"pf_text\">\n                            <span class=\"project-name\">Pain\u00e9is<\/span>\n                        <\/span>\n                    <\/span>\n                <\/a>\n\t\t\t\t\t                <img loading=\"lazy\" decoding=\"async\" width=\"700\" height=\"466\" src=\"https:\/\/mastervisual.com.br\/wp-content\/uploads\/2017\/10\/IMG_6864-1-700x466.jpg\" class=\"attachment-thumb-portfolio size-thumb-portfolio wp-post-image\" alt=\"\" \/>\t\t\t\t            <\/div>\n        <\/div>\n        <!-- close gallery item -->\n                    \n        <!-- gallery item -->\n        <div class=\"item projetos \">\n            <div class=\"picframe\" style=\"margin:0px\">\n                <a class=\"simple-ajax-popup-align-top\" href=\"https:\/\/mastervisual.com.br\/?portfolio=sicoob\">\n                    <span class=\"overlay\">\n                        <span class=\"pf_text\">\n                            <span class=\"project-name\">Sicoob<\/span>\n                        <\/span>\n                    <\/span>\n                <\/a>\n\t\t\t\t\t                <img loading=\"lazy\" decoding=\"async\" width=\"700\" height=\"466\" src=\"https:\/\/mastervisual.com.br\/wp-content\/uploads\/2015\/07\/564961_108232342649603_157645014_n-700x466.jpg\" class=\"attachment-thumb-portfolio size-thumb-portfolio wp-post-image\" alt=\"\" \/>\t\t\t\t            <\/div>\n        <\/div>\n        <!-- close gallery item -->\n                    \n        <!-- gallery item -->\n        <div class=\"item projetos \">\n            <div class=\"picframe\" style=\"margin:0px\">\n                <a class=\"simple-ajax-popup-align-top\" href=\"https:\/\/mastervisual.com.br\/?portfolio=posto-bremen\">\n                    <span class=\"overlay\">\n                        <span class=\"pf_text\">\n                            <span class=\"project-name\">Posto Bremen<\/span>\n                        <\/span>\n                    <\/span>\n                <\/a>\n\t\t\t\t\t                <img loading=\"lazy\" decoding=\"async\" width=\"700\" height=\"466\" src=\"https:\/\/mastervisual.com.br\/wp-content\/uploads\/2017\/10\/IMG_6827-700x466.jpg\" class=\"attachment-thumb-portfolio size-thumb-portfolio wp-post-image\" alt=\"\" \/>\t\t\t\t            <\/div>\n        <\/div>\n        <!-- close gallery item -->\n                    \n        <!-- gallery item -->\n        <div class=\"item projetos \">\n            <div class=\"picframe\" style=\"margin:0px\">\n                <a class=\"simple-ajax-popup-align-top\" href=\"https:\/\/mastervisual.com.br\/?portfolio=clinica-weiss\">\n                    <span class=\"overlay\">\n                        <span class=\"pf_text\">\n                            <span class=\"project-name\">Clinica Weiss<\/span>\n                        <\/span>\n                    <\/span>\n                <\/a>\n\t\t\t\t\t                <img loading=\"lazy\" decoding=\"async\" width=\"700\" height=\"466\" src=\"https:\/\/mastervisual.com.br\/wp-content\/uploads\/2017\/10\/IMG_6833-700x466.jpg\" class=\"attachment-thumb-portfolio size-thumb-portfolio wp-post-image\" alt=\"\" \/>\t\t\t\t            <\/div>\n        <\/div>\n        <!-- close gallery item -->\n                    \n        <!-- gallery item -->\n        <div class=\"item projetos \">\n            <div class=\"picframe\" style=\"margin:0px\">\n                <a class=\"simple-ajax-popup-align-top\" href=\"https:\/\/mastervisual.com.br\/?portfolio=projeto-div\">\n                    <span class=\"overlay\">\n                        <span class=\"pf_text\">\n                            <span class=\"project-name\">Projeto DIV<\/span>\n                        <\/span>\n                    <\/span>\n                <\/a>\n\t\t\t\t\t                <img loading=\"lazy\" decoding=\"async\" width=\"700\" height=\"466\" src=\"https:\/\/mastervisual.com.br\/wp-content\/uploads\/2017\/10\/IMG_1694-700x466.jpg\" class=\"attachment-thumb-portfolio size-thumb-portfolio wp-post-image\" alt=\"\" \/>\t\t\t\t            <\/div>\n        <\/div>\n        <!-- close gallery item -->\n                    \n        <!-- gallery item -->\n        <div class=\"item projetos \">\n            <div class=\"picframe\" style=\"margin:0px\">\n                <a class=\"simple-ajax-popup-align-top\" href=\"https:\/\/mastervisual.com.br\/?portfolio=eco-green-interior\">\n                    <span class=\"overlay\">\n                        <span class=\"pf_text\">\n                            <span class=\"project-name\">Projetos Maresias<\/span>\n                        <\/span>\n                    <\/span>\n                <\/a>\n\t\t\t\t\t                <img loading=\"lazy\" decoding=\"async\" width=\"700\" height=\"466\" src=\"https:\/\/mastervisual.com.br\/wp-content\/uploads\/2017\/10\/p2-1-700x466.jpg\" class=\"attachment-thumb-portfolio size-thumb-portfolio wp-post-image\" alt=\"\" \/>\t\t\t\t            <\/div>\n        <\/div>\n        <!-- close gallery item -->\n                    \n        <!-- gallery item -->\n        <div class=\"item acm \">\n            <div class=\"picframe\" style=\"margin:0px\">\n                <a class=\"simple-ajax-popup-align-top\" href=\"https:\/\/mastervisual.com.br\/?portfolio=modern-elegance-suite\">\n                    <span class=\"overlay\">\n                        <span class=\"pf_text\">\n                            <span class=\"project-name\">ACM | LETRA CAIXA<\/span>\n                        <\/span>\n                    <\/span>\n                <\/a>\n\t\t\t\t\t                <img loading=\"lazy\" decoding=\"async\" width=\"700\" height=\"466\" src=\"https:\/\/mastervisual.com.br\/wp-content\/uploads\/2015\/07\/1470019_322528434553325_562599616_n-700x466.jpg\" class=\"attachment-thumb-portfolio size-thumb-portfolio wp-post-image\" alt=\"\" \/>\t\t\t\t            <\/div>\n        <\/div>\n        <!-- close gallery item -->\n                    \n        <!-- gallery item -->\n        <div class=\"item letra \">\n            <div class=\"picframe\" style=\"margin:0px\">\n                <a class=\"simple-ajax-popup-align-top\" href=\"https:\/\/mastervisual.com.br\/?portfolio=apartment-renovation\">\n                    <span class=\"overlay\">\n                        <span class=\"pf_text\">\n                            <span class=\"project-name\">Letra Caixa<\/span>\n                        <\/span>\n                    <\/span>\n                <\/a>\n\t\t\t\t\t                <img loading=\"lazy\" decoding=\"async\" width=\"700\" height=\"466\" src=\"https:\/\/mastervisual.com.br\/wp-content\/uploads\/2015\/07\/1504975_530447050428128_2475467223668405165_n-700x466.jpg\" class=\"attachment-thumb-portfolio size-thumb-portfolio wp-post-image\" alt=\"\" \/>\t\t\t\t            <\/div>\n        <\/div>\n        <!-- close gallery item -->\n           <\/div>\n    [\/vc_column][\/vc_row][vc_row][vc_column][vc_separator color=&#8221;black&#8221;][\/vc_column][\/vc_row][vc_row fullwidth=&#8221;yes&#8221; css=&#8221;.vc_custom_1442204699720{padding-top: 60px !important;padding-bottom: 60px !important;}&#8221; el_class=&#8221;call-to-action bg-color text-center&#8221;][vc_column]\t\t\t\n\n\t\t\t<a href=\"http:\/\/mastervisual.com.br\/?page_id=256\" class=\"btn btn-line-black btn-big \">Fa\u00e7a uma cota\u00e7\u00e3o<\/a>\n\t    \n[\/vc_column][\/vc_row][vc_row][vc_column][vc_separator color=&#8221;black&#8221;][\/vc_column][\/vc_row]<\/p>\n","protected":false},"excerpt":{"rendered":"<p>[vc_row fullwidth=&#8221;yes&#8221;][vc_column][\/vc_column][\/vc_row][vc_row][vc_column][vc_separator color=&#8221;black&#8221;][\/vc_column][\/vc_row][vc_row fullwidth=&#8221;yes&#8221; css=&#8221;.vc_custom_1442204699720{padding-top: 60px !important;padding-bottom: 60px !important;}&#8221; el_class=&#8221;call-to-action bg-color text-center&#8221;][vc_column][\/vc_column][\/vc_row][vc_row][vc_column][vc_separator color=&#8221;black&#8221;][\/vc_column][\/vc_row]<\/p>\n","protected":false},"author":1,"featured_media":0,"parent":0,"menu_order":0,"comment_status":"closed","ping_status":"closed","template":"page-templates\/template-fullwidth.php","meta":{"footnotes":""},"_links":{"self":[{"href":"https:\/\/mastervisual.com.br\/index.php?rest_route=\/wp\/v2\/pages\/629"}],"collection":[{"href":"https:\/\/mastervisual.com.br\/index.php?rest_route=\/wp\/v2\/pages"}],"about":[{"href":"https:\/\/mastervisual.com.br\/index.php?rest_route=\/wp\/v2\/types\/page"}],"author":[{"embeddable":true,"href":"https:\/\/mastervisual.com.br\/index.php?rest_route=\/wp\/v2\/users\/1"}],"replies":[{"embeddable":true,"href":"https:\/\/mastervisual.com.br\/index.php?rest_route=%2Fwp%2Fv2%2Fcomments&post=629"}],"version-history":[{"count":12,"href":"https:\/\/mastervisual.com.br\/index.php?rest_route=\/wp\/v2\/pages\/629\/revisions"}],"predecessor-version":[{"id":2112,"href":"https:\/\/mastervisual.com.br\/index.php?rest_route=\/wp\/v2\/pages\/629\/revisions\/2112"}],"wp:attachment":[{"href":"https:\/\/mastervisual.com.br\/index.php?rest_route=%2Fwp%2Fv2%2Fmedia&parent=629"}],"curies":[{"name":"wp","href":"https:\/\/api.w.org\/{rel}","templated":true}]}}