{"id":915,"date":"2016-06-21T09:31:21","date_gmt":"2016-06-21T09:31:21","guid":{"rendered":"http:\/\/demo.vegatheme.com\/archilight\/?page_id=915"},"modified":"2017-11-11T00:10:04","modified_gmt":"2017-11-11T00:10:04","slug":"home-minimal","status":"publish","type":"page","link":"https:\/\/mastervisual.com.br\/","title":{"rendered":"Home Minimal"},"content":{"rendered":"<p>[vc_row fullwidth=&#8221;yes&#8221; archi_fullheight=&#8221;yes&#8221; archi_parallax=&#8221;yes&#8221; css=&#8221;.vc_custom_1507755197511{padding-top: 90px !important;padding-bottom: 90px !important;background-image: url(http:\/\/mastervisual.com.br\/wp-content\/uploads\/2017\/10\/bg-m01.jpg?id=1627) !important;}&#8221; el_class=&#8221;no-relative full-height text-light&#8221;][vc_column 0=&#8221;&#8221;]\t\n\t\n    <div class=\"center-y text-center\">\n        <div class=\"spacer-double\"><\/div>\n        <div class=\"text-slider border-deco\">\n        \t\t\t\t\t\t \n\t\t\t\t<div class=\"text-item\"><h1 class=\"title-2\"><\/h1><\/div>    \n\t\t\t        <\/div>\n        <div class=\"spacer-double\"><\/div>\n        <div class=\"spacer-double\"><\/div>\n    <\/div>\n\n\t\t\t<a href=\"#section-side-1\" class=\"scroll-to\">\n\t\t\t<span class=\"mouse\">\n\t\t\t\t<span class=\"scroll\"><\/span>\n\t\t\t<\/span>\n\t\t<\/a>\n\t   \n[\/vc_column][\/vc_row][vc_row img_halfrow=&#8221;yes&#8221; halfrow_image=&#8221;2081&#8243; img_columns=&#8221;5columns&#8221; img_position=&#8221;imgleft&#8221; el_id=&#8221;section-side-1&#8243;][vc_column width=&#8221;1\/2&#8243; animate=&#8221;fadinright&#8221; delay=&#8221;.5&#8243; offset=&#8221;vc_col-md-offset-6 vc_col-md-6&#8243; el_class=&#8221;services-masonry-item-mb0&#8243;][vc_custom_heading text=&#8221;Nossos Servi\u00e7os&#8221; font_container=&#8221;tag:h2|text_align:left|color:%23ffff00&#8243; use_theme_fonts=&#8221;yes&#8221; el_class=&#8221;style-2&#8243;][vc_empty_space height=&#8221;30px&#8221;]<div id=\"services-masonry\" class=\"masonry row\">\n\t\n\t<div class=\"col-md-6 item\">\n\t\t\n\t\t\t\t\n\t\t\t<h3>LETRA CAIXA<\/h3>\n\t\t\t<p>Os letreiros (letra bloco ou letra caixa) podem ser aplicados em fachadas para identifica\u00e7\u00e3o da sua empresa valorizando-a ainda mais.<\/p>\n\t\t\t\t\t\t\t<div class=\"spacer-single-10\"><\/div>\t\t\t\t\t\t\t\t\n\t\t\t\t<a href=\"https:\/\/mastervisual.com.br\/?service=hospitally-design\" class=\"btn-line \">LEIA MAIS<\/a>\n\t\t\t\n\t\t\n\t<\/div>\n\n\t\n\t<div class=\"col-md-6 item\">\n\t\t\n\t\t\t\t\n\t\t\t<h3>ADESIVOS<\/h3>\n\t\t\t<p>Outro recurso bastante utilizado na comunica\u00e7\u00e3o visual \u00e9 a adesiva\u00e7\u00e3o. A impress\u00e3o digital sobre a pel\u00edcula de vinil serve para decora\u00e7\u00e3o de vitrines.<\/p>\n\t\t\t\t\t\t\t<div class=\"spacer-single-10\"><\/div>\t\t\t\t\t\t\t\t\n\t\t\t\t<a href=\"https:\/\/mastervisual.com.br\/?service=residential-design\" class=\"btn-line \">LEIA MAIS<\/a>\n\t\t\t\n\t\t\n\t<\/div>\n\n\t\t\n<\/div>\t\n\n[\/vc_column][\/vc_row][vc_row css_animation=&#8221;none&#8221; fullwidth=&#8221;yes&#8221; bg_html5_video=&#8221;yes&#8221; bg_html5_video_image=&#8221;2068&#8243; css=&#8221;.vc_custom_1510358989445{padding-top: 90px !important;padding-bottom: 90px !important;background-image: url(http:\/\/demo.archiwp.com\/light-version\/wp-content\/uploads\/sites\/2\/2016\/06\/bg-13.jpg?id=919) !important;}&#8221;][vc_column width=&#8221;1\/3&#8243;]\n\t<div class=\"de_count\">\n                <h3 class=\"timer\" data-to=\"35180\" data-speed=\"2500\">0<\/h3>\n        <span>Horas de trabalho<\/span>\n    <\/div>\n\n[\/vc_column][vc_column width=&#8221;1\/3&#8243;]\n\t<div class=\"de_count\">\n                <h3 class=\"timer\" data-to=\"2450\" data-speed=\"2500\">0<\/h3>\n        <span>Tarefas finalizadas<\/span>\n    <\/div>\n\n[\/vc_column][vc_column width=&#8221;1\/3&#8243;]\n\t<div class=\"de_count\">\n                <h3 class=\"timer\" data-to=\"1200\" data-speed=\"2500\">0<\/h3>\n        <span>Feedback Recebidos<\/span>\n    <\/div>\n\n[\/vc_column][\/vc_row][vc_row img_halfrow=&#8221;yes&#8221; halfrow_image=&#8221;1715&#8243; img_columns=&#8221;4columns&#8221; img_position=&#8221;imgright&#8221;][vc_column animate=&#8221;fadeinup&#8221; delay=&#8221;0&#8243; offset=&#8221;vc_col-md-7&#8243;][vc_row_inner 0=&#8221;&#8221;][vc_column_inner 0=&#8221;&#8221;][vc_custom_heading text=&#8221;POR QUE ESCOLHER A GENTE&#8221; font_container=&#8221;tag:h2|text_align:right|color:%23ffff00&#8243; use_theme_fonts=&#8221;yes&#8221; el_class=&#8221;style-2 pull-right&#8221;][vc_empty_space height=&#8221;30px&#8221; el_class=&#8221;spacer-single&#8221;][\/vc_column_inner][vc_column_inner width=&#8221;1\/2&#8243; animate=&#8221;fadeinright&#8221; delay=&#8221;0&#8243;]\t\t\n\n    <div class=\" box-icon \">\n\t     \n\t    \t<span class=\"icon wow fadeIn\" data-wow-delay=\".5s\">\n\t        \t<i class=\"id-color icon-paintbrush\" ><\/i>\n\t        <\/span>\n\t       \n        <div class=\"text\">\n            <h3>Expertise<\/h3>\n            <p>Somos especialistas em comunica\u00e7\u00e3o visual para fachadas de lojas, interiores, adesiva\u00e7\u00e3o de ve\u00edculos, sinaliza\u00e7\u00e3o, etc.<\/p>\n                    <\/div>        \n    <\/div>    \n\n[\/vc_column_inner][vc_column_inner width=&#8221;1\/2&#8243; animate=&#8221;fadeinright&#8221; delay=&#8221;.25&#8243;]\t\t\n\n    <div class=\" box-icon \">\n\t     \n\t    \t<span class=\"icon wow fadeIn\" data-wow-delay=\".5s\">\n\t        \t<i class=\"id-color icon-trophy\" ><\/i>\n\t        <\/span>\n\t       \n        <div class=\"text\">\n            <h3>Campe\u00f5es<\/h3>\n            <p>A Master Comunica\u00e7\u00e3o Visual, se tornou campe\u00e3o em qualidade e atendimento ao cliente no interior de S\u00e3o Paulo, pois honramos nossos compromissos assumidos, trazendo para nossa responsabilidade a sua satisfa\u00e7\u00e3o.<\/p>\n                    <\/div>        \n    <\/div>    \n\n[\/vc_column_inner][vc_column_inner 0=&#8221;&#8221;][vc_empty_space height=&#8221;30px&#8221;][\/vc_column_inner][vc_column_inner width=&#8221;1\/2&#8243; animate=&#8221;fadeinright&#8221; delay=&#8221;.5&#8243;]\t\t\n\n    <div class=\" box-icon \">\n\t     \n\t    \t<span class=\"icon wow fadeIn\" data-wow-delay=\".5s\">\n\t        \t<i class=\"id-color icon-chat\" ><\/i>\n\t        <\/span>\n\t       \n        <div class=\"text\">\n            <h3>Quer bater um bato e melhor a apar\u00eancia da sua empresa?<\/h3>\n            <p>Estamos a disposi\u00e7\u00e3o para conversar sobre um novo projeto para sua empresa sem compromisso, \u00e9 s\u00f3 nos procurar!<\/p>\n                    <\/div>        \n    <\/div>    \n\n[\/vc_column_inner][vc_column_inner width=&#8221;1\/2&#8243; animate=&#8221;fadeinright&#8221; delay=&#8221;.75&#8243;]\t\t\n\n    <div class=\" box-icon \">\n\t     \n\t    \t<span class=\"icon wow fadeIn\" data-wow-delay=\".5s\">\n\t        \t<i class=\"id-color icon-wallet\" ><\/i>\n\t        <\/span>\n\t       \n        <div class=\"text\">\n            <h3>Investimento<\/h3>\n            <p>Se o seu or\u00e7amento est\u00e1 pequeno, isso n\u00e3o \u00e9 um problema, n\u00f3s fazemos um projeto que com certeza cabe no seu bolso.<\/p>\n                    <\/div>        \n    <\/div>    \n\n[\/vc_column_inner][vc_column_inner 0=&#8221;&#8221;][vc_empty_space height=&#8221;30px&#8221;][\/vc_column_inner][vc_column_inner width=&#8221;1\/2&#8243; animate=&#8221;fadeinright&#8221; delay=&#8221;1&#8243;]\t\t\n\n    <div class=\" box-icon \">\n\t     \n\t    \t<span class=\"icon wow fadeIn\" data-wow-delay=\".5s\">\n\t        \t<i class=\"id-color icon-recycle\" ><\/i>\n\t        <\/span>\n\t       \n        <div class=\"text\">\n            <h3>Garantia<\/h3>\n            <p>Trabalhamos com as melhores marcas do mercado. Garantimos a satisfa\u00e7\u00e3o do servi\u00e7os prestado e no mantemos sempre a disposi\u00e7\u00e3o de voc\u00ea, cliente.<\/p>\n                    <\/div>        \n    <\/div>    \n\n[\/vc_column_inner][vc_column_inner width=&#8221;1\/2&#8243; animate=&#8221;fadeinright&#8221; delay=&#8221;1.25&#8243;]\t\t\n\n    <div class=\" box-icon \">\n\t     \n\t    \t<span class=\"icon wow fadeIn\" data-wow-delay=\".5s\">\n\t        \t<i class=\"id-color icon-envelope\" ><\/i>\n\t        <\/span>\n\t       \n        <div class=\"text\">\n            <h3>24 \/ 7 Atendimento<\/h3>\n            <p>Estamos sempre a sua disposi\u00e7\u00e3o! Ou por telefone, e- mail, whatsapp, sempre que precisar falar com a gente, estaremos aqui.<\/p>\n                    <\/div>        \n    <\/div>    \n\n[\/vc_column_inner][\/vc_row_inner][\/vc_column][\/vc_row][vc_row fullwidth=&#8221;yes&#8221; css=&#8221;.vc_custom_1495702205778{background-color: #222222 !important;}&#8221;][vc_column 0=&#8221;&#8221;]  \n\n\t\t\t<div class=\"container\">\n\t    \t<!-- portfolio filter begin -->\n\t\t    <div class=\"row\">\n\t\t        <div class=\"col-md-12 text-center\">\n\t\t            <ul id=\"filters\" class=\"wow fadeInUp listed_taxonomy_filters\" data-wow-delay=\"0s\">\n\t\t            \t<li><a href=\"#\" data-filter=\"*\" class=\"selected\">Todos<\/a><\/li>                    \n\t\t                <li class=\"cate_parent\"><a href=\"#\" data-filter=\".acm\">ACM<\/a><\/li><li class=\"cate_parent\"><a href=\"#\" data-filter=\".adesivos\">Adesivos<\/a><\/li><li class=\"cate_parent\"><a href=\"#\" data-filter=\".letra\">Letra Caixa<\/a><\/li><li class=\"cate_parent\"><a href=\"#\" data-filter=\".paineis\">Pain\u00e9is<\/a><\/li><li class=\"cate_parent\"><a href=\"#\" data-filter=\".placas\">Placas<\/a><\/li><li class=\"cate_parent\"><a href=\"#\" data-filter=\".projetos\">Projetos<\/a><\/li><li class=\"cate_parent\"><a href=\"#\" data-filter=\".veiculos\">Ve\u00edculos<\/a><\/li>                    \n\t\t            <\/ul>\n\t\t        <\/div>\n\t\t    <\/div>\n\t    \t<!-- portfolio filter close -->\n\t    <\/div>\n    \n    <div id=\"gallery\" class=\" gallery full-gallery de-gallery pf_full_width pf_5_cols wow fadeInUp\" data-wow-delay=\".3s\" style=\"margin:0px 0px\" >\n                     \n        <!-- gallery item -->\n        <div class=\"item veiculos \">\n            <div class=\"picframe\" style=\"margin:0px\">\n                <a class=\"simple-ajax-popup-align-top\" href=\"https:\/\/mastervisual.com.br\/?portfolio=veiculos\">\n                    <span class=\"overlay\">\n                        <span class=\"pf_text\">\n                            <span class=\"project-name\">Ve\u00edculos<\/span>\n                        <\/span>\n                    <\/span>\n                <\/a>\n\t\t\t\t\t                <img loading=\"lazy\" decoding=\"async\" width=\"700\" height=\"466\" src=\"https:\/\/mastervisual.com.br\/wp-content\/uploads\/2017\/10\/14718646_785229561616541_2956371762273789962_n-700x466.jpg\" class=\"attachment-thumb-portfolio size-thumb-portfolio wp-post-image\" alt=\"\" \/>\t\t\t\t            <\/div>\n        <\/div>\n        <!-- close gallery item -->\n                    \n        <!-- gallery item -->\n        <div class=\"item adesivos \">\n            <div class=\"picframe\" style=\"margin:0px\">\n                <a class=\"simple-ajax-popup-align-top\" href=\"https:\/\/mastervisual.com.br\/?portfolio=adesivos\">\n                    <span class=\"overlay\">\n                        <span class=\"pf_text\">\n                            <span class=\"project-name\">Adesivos<\/span>\n                        <\/span>\n                    <\/span>\n                <\/a>\n\t\t\t\t\t                <img loading=\"lazy\" decoding=\"async\" width=\"700\" height=\"466\" src=\"https:\/\/mastervisual.com.br\/wp-content\/uploads\/2017\/10\/IMG_4296-700x466.jpg\" class=\"attachment-thumb-portfolio size-thumb-portfolio wp-post-image\" alt=\"\" \/>\t\t\t\t            <\/div>\n        <\/div>\n        <!-- close gallery item -->\n                    \n        <!-- gallery item -->\n        <div class=\"item placas \">\n            <div class=\"picframe\" style=\"margin:0px\">\n                <a class=\"simple-ajax-popup-align-top\" href=\"https:\/\/mastervisual.com.br\/?portfolio=placas\">\n                    <span class=\"overlay\">\n                        <span class=\"pf_text\">\n                            <span class=\"project-name\">Placas<\/span>\n                        <\/span>\n                    <\/span>\n                <\/a>\n\t\t\t\t\t                <img loading=\"lazy\" decoding=\"async\" width=\"700\" height=\"466\" src=\"https:\/\/mastervisual.com.br\/wp-content\/uploads\/2017\/10\/IMG_6387-700x466.jpg\" class=\"attachment-thumb-portfolio size-thumb-portfolio wp-post-image\" alt=\"\" \/>\t\t\t\t            <\/div>\n        <\/div>\n        <!-- close gallery item -->\n                    \n        <!-- gallery item -->\n        <div class=\"item paineis \">\n            <div class=\"picframe\" style=\"margin:0px\">\n                <a class=\"simple-ajax-popup-align-top\" href=\"https:\/\/mastervisual.com.br\/?portfolio=paineis\">\n                    <span class=\"overlay\">\n                        <span class=\"pf_text\">\n                            <span class=\"project-name\">Pain\u00e9is<\/span>\n                        <\/span>\n                    <\/span>\n                <\/a>\n\t\t\t\t\t                <img loading=\"lazy\" decoding=\"async\" width=\"700\" height=\"466\" src=\"https:\/\/mastervisual.com.br\/wp-content\/uploads\/2017\/10\/IMG_6864-1-700x466.jpg\" class=\"attachment-thumb-portfolio size-thumb-portfolio wp-post-image\" alt=\"\" \/>\t\t\t\t            <\/div>\n        <\/div>\n        <!-- close gallery item -->\n                    \n        <!-- gallery item -->\n        <div class=\"item projetos \">\n            <div class=\"picframe\" style=\"margin:0px\">\n                <a class=\"simple-ajax-popup-align-top\" href=\"https:\/\/mastervisual.com.br\/?portfolio=sicoob\">\n                    <span class=\"overlay\">\n                        <span class=\"pf_text\">\n                            <span class=\"project-name\">Sicoob<\/span>\n                        <\/span>\n                    <\/span>\n                <\/a>\n\t\t\t\t\t                <img loading=\"lazy\" decoding=\"async\" width=\"700\" height=\"466\" src=\"https:\/\/mastervisual.com.br\/wp-content\/uploads\/2015\/07\/564961_108232342649603_157645014_n-700x466.jpg\" class=\"attachment-thumb-portfolio size-thumb-portfolio wp-post-image\" alt=\"\" \/>\t\t\t\t            <\/div>\n        <\/div>\n        <!-- close gallery item -->\n                    \n        <!-- gallery item -->\n        <div class=\"item projetos \">\n            <div class=\"picframe\" style=\"margin:0px\">\n                <a class=\"simple-ajax-popup-align-top\" href=\"https:\/\/mastervisual.com.br\/?portfolio=posto-bremen\">\n                    <span class=\"overlay\">\n                        <span class=\"pf_text\">\n                            <span class=\"project-name\">Posto Bremen<\/span>\n                        <\/span>\n                    <\/span>\n                <\/a>\n\t\t\t\t\t                <img loading=\"lazy\" decoding=\"async\" width=\"700\" height=\"466\" src=\"https:\/\/mastervisual.com.br\/wp-content\/uploads\/2017\/10\/IMG_6827-700x466.jpg\" class=\"attachment-thumb-portfolio size-thumb-portfolio wp-post-image\" alt=\"\" \/>\t\t\t\t            <\/div>\n        <\/div>\n        <!-- close gallery item -->\n                    \n        <!-- gallery item -->\n        <div class=\"item projetos \">\n            <div class=\"picframe\" style=\"margin:0px\">\n                <a class=\"simple-ajax-popup-align-top\" href=\"https:\/\/mastervisual.com.br\/?portfolio=clinica-weiss\">\n                    <span class=\"overlay\">\n                        <span class=\"pf_text\">\n                            <span class=\"project-name\">Clinica Weiss<\/span>\n                        <\/span>\n                    <\/span>\n                <\/a>\n\t\t\t\t\t                <img loading=\"lazy\" decoding=\"async\" width=\"700\" height=\"466\" src=\"https:\/\/mastervisual.com.br\/wp-content\/uploads\/2017\/10\/IMG_6833-700x466.jpg\" class=\"attachment-thumb-portfolio size-thumb-portfolio wp-post-image\" alt=\"\" \/>\t\t\t\t            <\/div>\n        <\/div>\n        <!-- close gallery item -->\n                    \n        <!-- gallery item -->\n        <div class=\"item projetos \">\n            <div class=\"picframe\" style=\"margin:0px\">\n                <a class=\"simple-ajax-popup-align-top\" href=\"https:\/\/mastervisual.com.br\/?portfolio=projeto-div\">\n                    <span class=\"overlay\">\n                        <span class=\"pf_text\">\n                            <span class=\"project-name\">Projeto DIV<\/span>\n                        <\/span>\n                    <\/span>\n                <\/a>\n\t\t\t\t\t                <img loading=\"lazy\" decoding=\"async\" width=\"700\" height=\"466\" src=\"https:\/\/mastervisual.com.br\/wp-content\/uploads\/2017\/10\/IMG_1694-700x466.jpg\" class=\"attachment-thumb-portfolio size-thumb-portfolio wp-post-image\" alt=\"\" \/>\t\t\t\t            <\/div>\n        <\/div>\n        <!-- close gallery item -->\n                    \n        <!-- gallery item -->\n        <div class=\"item projetos \">\n            <div class=\"picframe\" style=\"margin:0px\">\n                <a class=\"simple-ajax-popup-align-top\" href=\"https:\/\/mastervisual.com.br\/?portfolio=eco-green-interior\">\n                    <span class=\"overlay\">\n                        <span class=\"pf_text\">\n                            <span class=\"project-name\">Projetos Maresias<\/span>\n                        <\/span>\n                    <\/span>\n                <\/a>\n\t\t\t\t\t                <img loading=\"lazy\" decoding=\"async\" width=\"700\" height=\"466\" src=\"https:\/\/mastervisual.com.br\/wp-content\/uploads\/2017\/10\/p2-1-700x466.jpg\" class=\"attachment-thumb-portfolio size-thumb-portfolio wp-post-image\" alt=\"\" \/>\t\t\t\t            <\/div>\n        <\/div>\n        <!-- close gallery item -->\n                    \n        <!-- gallery item -->\n        <div class=\"item acm \">\n            <div class=\"picframe\" style=\"margin:0px\">\n                <a class=\"simple-ajax-popup-align-top\" href=\"https:\/\/mastervisual.com.br\/?portfolio=modern-elegance-suite\">\n                    <span class=\"overlay\">\n                        <span class=\"pf_text\">\n                            <span class=\"project-name\">ACM | LETRA CAIXA<\/span>\n                        <\/span>\n                    <\/span>\n                <\/a>\n\t\t\t\t\t                <img loading=\"lazy\" decoding=\"async\" width=\"700\" height=\"466\" src=\"https:\/\/mastervisual.com.br\/wp-content\/uploads\/2015\/07\/1470019_322528434553325_562599616_n-700x466.jpg\" class=\"attachment-thumb-portfolio size-thumb-portfolio wp-post-image\" alt=\"\" \/>\t\t\t\t            <\/div>\n        <\/div>\n        <!-- close gallery item -->\n           <\/div>\n    [\/vc_column][\/vc_row][vc_row fullwidth=&#8221;yes&#8221;][vc_column][vc_empty_space css=&#8221;.vc_custom_1507930545706{background-color: #171717 !important;}&#8221;][\/vc_column][\/vc_row]<\/p>\n","protected":false},"excerpt":{"rendered":"<p>[vc_row fullwidth=&#8221;yes&#8221; archi_fullheight=&#8221;yes&#8221; archi_parallax=&#8221;yes&#8221; css=&#8221;.vc_custom_1507755197511{padding-top: 90px !important;padding-bottom: 90px !important;background-image: url(http:\/\/mastervisual.com.br\/wp-content\/uploads\/2017\/10\/bg-m01.jpg?id=1627) !important;}&#8221; el_class=&#8221;no-relative full-height text-light&#8221;][vc_column 0=&#8221;&#8221;][\/vc_column][\/vc_row][vc_row img_halfrow=&#8221;yes&#8221; halfrow_image=&#8221;2081&#8243; img_columns=&#8221;5columns&#8221; img_position=&#8221;imgleft&#8221; el_id=&#8221;section-side-1&#8243;][vc_column width=&#8221;1\/2&#8243; animate=&#8221;fadinright&#8221; delay=&#8221;.5&#8243; offset=&#8221;vc_col-md-offset-6 vc_col-md-6&#8243; el_class=&#8221;services-masonry-item-mb0&#8243;][vc_custom_heading text=&#8221;Nossos Servi\u00e7os&#8221; font_container=&#8221;tag:h2|text_align:left|color:%23ffff00&#8243; use_theme_fonts=&#8221;yes&#8221; el_class=&#8221;style-2&#8243;][vc_empty_space height=&#8221;30px&#8221;][\/vc_column][\/vc_row][vc_row css_animation=&#8221;none&#8221; fullwidth=&#8221;yes&#8221; bg_html5_video=&#8221;yes&#8221; bg_html5_video_image=&#8221;2068&#8243; css=&#8221;.vc_custom_1510358989445{padding-top: 90px !important;padding-bottom: 90px !important;background-image: url(http:\/\/demo.archiwp.com\/light-version\/wp-content\/uploads\/sites\/2\/2016\/06\/bg-13.jpg?id=919) !important;}&#8221;][vc_column width=&#8221;1\/3&#8243;][\/vc_column][vc_column width=&#8221;1\/3&#8243;][\/vc_column][vc_column width=&#8221;1\/3&#8243;][\/vc_column][\/vc_row][vc_row img_halfrow=&#8221;yes&#8221; halfrow_image=&#8221;1715&#8243; img_columns=&#8221;4columns&#8221; img_position=&#8221;imgright&#8221;][vc_column animate=&#8221;fadeinup&#8221; delay=&#8221;0&#8243; offset=&#8221;vc_col-md-7&#8243;][vc_row_inner 0=&#8221;&#8221;][vc_column_inner 0=&#8221;&#8221;][vc_custom_heading [&hellip;]<\/p>\n","protected":false},"author":1,"featured_media":0,"parent":0,"menu_order":0,"comment_status":"closed","ping_status":"closed","template":"page-templates\/template-canvas.php","meta":{"footnotes":""},"_links":{"self":[{"href":"https:\/\/mastervisual.com.br\/index.php?rest_route=\/wp\/v2\/pages\/915"}],"collection":[{"href":"https:\/\/mastervisual.com.br\/index.php?rest_route=\/wp\/v2\/pages"}],"about":[{"href":"https:\/\/mastervisual.com.br\/index.php?rest_route=\/wp\/v2\/types\/page"}],"author":[{"embeddable":true,"href":"https:\/\/mastervisual.com.br\/index.php?rest_route=\/wp\/v2\/users\/1"}],"replies":[{"embeddable":true,"href":"https:\/\/mastervisual.com.br\/index.php?rest_route=%2Fwp%2Fv2%2Fcomments&post=915"}],"version-history":[{"count":88,"href":"https:\/\/mastervisual.com.br\/index.php?rest_route=\/wp\/v2\/pages\/915\/revisions"}],"predecessor-version":[{"id":2083,"href":"https:\/\/mastervisual.com.br\/index.php?rest_route=\/wp\/v2\/pages\/915\/revisions\/2083"}],"wp:attachment":[{"href":"https:\/\/mastervisual.com.br\/index.php?rest_route=%2Fwp%2Fv2%2Fmedia&parent=915"}],"curies":[{"name":"wp","href":"https:\/\/api.w.org\/{rel}","templated":true}]}}